{"id":574,"date":"2025-08-22T11:55:00","date_gmt":"2025-08-22T11:55:00","guid":{"rendered":"https:\/\/kotmorski.fund\/?page_id=574"},"modified":"2025-08-22T11:59:55","modified_gmt":"2025-08-22T11:59:55","slug":"zaloz-konto-i-wesprzyj-nas","status":"publish","type":"page","link":"https:\/\/kotmorski.fund\/?page_id=574","title":{"rendered":"Za\u0142\u00f3\u017c konto i wesprzyj nas!"},"content":{"rendered":"\n<p>Nest Bank oferuje <strong>prawdziwie bezp\u0142atne konta dla os\u00f3b fizycznych i biznesu<\/strong>. Sami z niego korzystamy od pocz\u0105tku istnienia Fundacji. Czy wi\u0119c mo\u017cesz i Ty skorzysta\u0107?<\/p>\n\n\n\n<p>Skorzystajmy razem! Zak\u0142adaj\u0105c <strong>rachunek<\/strong> &#8211; Ty otrzymujesz bardzo fajne konto i kart\u0119 <strong>za free<\/strong>, a my otrzymujemy od banku darowizn\u0119 za to, \u017ce Ty zrobi\u0142e\u015b to z naszego polecenia! Mo\u017cesz r\u00f3wnie\u017c wzi\u0105\u0107 <a href=\"https:\/\/nestbank.pl\/zostan-klientem\"><strong>kredyt<\/strong><\/a> prywatny lub <strong>firmowy<\/strong>, a tak\u017ce <strong>leasing<\/strong>!<\/p>\n\n\n\n<h2 class=\"wp-block-heading has-text-align-center\"><strong><a href=\"https:\/\/nestbank.pl\/zostan-klientem\">Wejd\u017a tu i zr\u00f3b to!<\/a><\/strong><\/h2>\n\n\n\n<p>Wystarczy \u017ce wype\u0142nisz formularz na stronie banku, <strong>a w polu &#8222;z polecenia&#8221; wpiszesz numer telefonu 691 999 702<\/strong><\/p>\n\n\n\n<figure class=\"wp-block-image size-large\"><a href=\"https:\/\/nestbank.pl\/zostan-klientem\"><img loading=\"lazy\" decoding=\"async\" width=\"1024\" height=\"727\" src=\"https:\/\/kotmorski.fund\/wp-content\/uploads\/2025\/08\/otwieram_z_polecenia-1024x727.png\" alt=\"\" class=\"wp-image-575\" srcset=\"https:\/\/kotmorski.fund\/wp-content\/uploads\/2025\/08\/otwieram_z_polecenia-1024x727.png 1024w, https:\/\/kotmorski.fund\/wp-content\/uploads\/2025\/08\/otwieram_z_polecenia-300x213.png 300w, https:\/\/kotmorski.fund\/wp-content\/uploads\/2025\/08\/otwieram_z_polecenia-768x545.png 768w, https:\/\/kotmorski.fund\/wp-content\/uploads\/2025\/08\/otwieram_z_polecenia.png 1044w\" sizes=\"auto, (max-width: 1024px) 100vw, 1024px\" \/><\/a><\/figure>\n","protected":false},"excerpt":{"rendered":"<p>Nest Bank oferuje prawdziwie bezp\u0142atne konta dla os\u00f3b fizycznych i biznesu. Sami z niego korzystamy od pocz\u0105tku istnienia Fundacji. Czy wi\u0119c mo\u017cesz i Ty skorzysta\u0107? Skorzystajmy razem! Zak\u0142adaj\u0105c rachunek &#8211; Ty otrzymujesz bardzo fajne konto i kart\u0119 za free, a my otrzymujemy od banku darowizn\u0119 za to, \u017ce Ty zrobi\u0142e\u015b to z naszego polecenia! Mo\u017cesz&hellip;&nbsp;<a href=\"https:\/\/kotmorski.fund\/?page_id=574\" rel=\"bookmark\">Dowiedz si\u0119 wi\u0119cej &raquo;<span class=\"screen-reader-text\">Za\u0142\u00f3\u017c konto i wesprzyj nas!<\/span><\/a><\/p>\n","protected":false},"author":1,"featured_media":0,"parent":0,"menu_order":0,"comment_status":"closed","ping_status":"closed","template":"","meta":{"neve_meta_sidebar":"","neve_meta_container":"","neve_meta_enable_content_width":"","neve_meta_content_width":0,"neve_meta_title_alignment":"","neve_meta_author_avatar":"","neve_post_elements_order":"","neve_meta_disable_header":"","neve_meta_disable_footer":"","neve_meta_disable_title":"","_themeisle_gutenberg_block_has_review":false,"footnotes":""},"class_list":["post-574","page","type-page","status-publish","hentry"],"_links":{"self":[{"href":"https:\/\/kotmorski.fund\/index.php?rest_route=\/wp\/v2\/pages\/574","targetHints":{"allow":["GET"]}}],"collection":[{"href":"https:\/\/kotmorski.fund\/index.php?rest_route=\/wp\/v2\/pages"}],"about":[{"href":"https:\/\/kotmorski.fund\/index.php?rest_route=\/wp\/v2\/types\/page"}],"author":[{"embeddable":true,"href":"https:\/\/kotmorski.fund\/index.php?rest_route=\/wp\/v2\/users\/1"}],"replies":[{"embeddable":true,"href":"https:\/\/kotmorski.fund\/index.php?rest_route=%2Fwp%2Fv2%2Fcomments&post=574"}],"version-history":[{"count":2,"href":"https:\/\/kotmorski.fund\/index.php?rest_route=\/wp\/v2\/pages\/574\/revisions"}],"predecessor-version":[{"id":578,"href":"https:\/\/kotmorski.fund\/index.php?rest_route=\/wp\/v2\/pages\/574\/revisions\/578"}],"wp:attachment":[{"href":"https:\/\/kotmorski.fund\/index.php?rest_route=%2Fwp%2Fv2%2Fmedia&parent=574"}],"curies":[{"name":"wp","href":"https:\/\/api.w.org\/{rel}","templated":true}]}}