{"id":555,"date":"2025-07-28T10:52:20","date_gmt":"2025-07-28T10:52:20","guid":{"rendered":"https:\/\/kotmorski.fund\/?page_id=555"},"modified":"2025-07-28T10:54:12","modified_gmt":"2025-07-28T10:54:12","slug":"wspolpraca-2","status":"publish","type":"page","link":"https:\/\/kotmorski.fund\/?page_id=555","title":{"rendered":"Wsp\u00f3\u0142praca"},"content":{"rendered":"\n<p>Chcemy wsp\u00f3\u0142pracowa\u0107 z innymi, bo wyznajemy zasad\u0119 &#8222;kto nie jest przeciwko nam &#8211; jest z nami!&#8221; Uznajemy wy\u017cszo\u015b\u0107 kooperowania nad konkurowaniem. Konkurencja zabija, kooperacja s\u0142u\u017cy wszystkich stronom.<\/p>\n\n\n\n<p>Organizacje, grupy nieformalne! Urz\u0119dy, Instytucje! Plac\u00f3wki szkolne, sieci handlowe, podmioty gospodarcze, inne.<\/p>\n\n\n\n<h2 class=\"wp-block-heading\">Do\u0142\u0105cz do nas!<\/h2>\n\n\n\n<h3 class=\"wp-block-heading\">1. Zosta\u0144 Patronem Fundacji, Partnerem Fundacji lub Ambasadorem Fundacji!<\/h3>\n\n\n\n<p>Zapraszamy do nawi\u0105zania z nami d\u0142ugoterminowej wsp\u00f3\u0142pracy partnerskiej. Patron Fundacji to podmiot, kt\u00f3ry w ramach spo\u0142ecznej odpowiedzialno\u015bci biznesu (CSR), wsp\u00f3\u0142pracuje i popiera nasze cele. Partner Fundacji to podmiot, kt\u00f3ry wsp\u00f3lnie z nami planuje, przygotowuje i realizuje dzia\u0142ania. Ambasador Fundacji to osoba, kt\u00f3ra reprezentuje idee i interesy fundacji, popieraj\u0105c jej dzia\u0142ania.<\/p>\n\n\n\n<h3 class=\"wp-block-heading\">2. Przeka\u017c darowizn\u0119!<\/h3>\n\n\n\n<p>Paradoks matematyki: dobro dzielone si\u0119 mno\u017cy! <br>Mo\u017cesz przekaza\u0107 nam darowizn\u0119 finansow\u0105 <a href=\"https:\/\/kotmorski.fund\/?page_id=398\">tutaj<\/a> lub rzeczow\u0105 <a href=\"https:\/\/kotmorski.fund\/?page_id=478\">tutaj<\/a>.<\/p>\n\n\n\n<h3 class=\"wp-block-heading\">3. Zosta\u0144 wolontariuszem!<\/h3>\n\n\n\n<p>Wolontariat przy dzia\u0142aniach \u017ceglarskich (krajowych i zagranicznych), biurowych, programistycznych lub innych!<\/p>\n\n\n\n<h2 class=\"wp-block-heading\">Dodatkowo mo\u017cesz pom\u00f3c poprzez:<\/h2>\n\n\n\n<h3 class=\"wp-block-heading\">1. Zapraszaj\u0105c nas!<\/h3>\n\n\n\n<p>Zapro\u015b naszych przedstawicieli, kapitan\u00f3w, M\u0142odych Chief\u00f3w i wolontariuszy, do siebie na \u017ceglarskie spotkania lub rejsy!<\/p>\n\n\n\n<h3 class=\"wp-block-heading\">2. Korzystaj\u0105c z naszych program\u00f3w:<\/h3>\n\n\n\n<h4 class=\"wp-block-heading\">Organizujemy rejsy i szkolenia! Wejd\u017a na <a href=\"https:\/\/www.kotmorski.pl\">www.kotmorski.pl<\/a> i zobacz co znajdziesz dla Siebie!<\/h4>\n\n\n\n<h3 class=\"wp-block-heading\"><\/h3>\n","protected":false},"excerpt":{"rendered":"<p>Chcemy wsp\u00f3\u0142pracowa\u0107 z innymi, bo wyznajemy zasad\u0119 &#8222;kto nie jest przeciwko nam &#8211; jest z nami!&#8221; Uznajemy wy\u017cszo\u015b\u0107 kooperowania nad konkurowaniem. Konkurencja zabija, kooperacja s\u0142u\u017cy wszystkich stronom. Organizacje, grupy nieformalne! Urz\u0119dy, Instytucje! Plac\u00f3wki szkolne, sieci handlowe, podmioty gospodarcze, inne. Do\u0142\u0105cz do nas! 1. Zosta\u0144 Patronem Fundacji, Partnerem Fundacji lub Ambasadorem Fundacji! Zapraszamy do nawi\u0105zania z&hellip;&nbsp;<a href=\"https:\/\/kotmorski.fund\/?page_id=555\" rel=\"bookmark\">Dowiedz si\u0119 wi\u0119cej &raquo;<span class=\"screen-reader-text\">Wsp\u00f3\u0142praca<\/span><\/a><\/p>\n","protected":false},"author":1,"featured_media":0,"parent":0,"menu_order":0,"comment_status":"closed","ping_status":"closed","template":"","meta":{"neve_meta_sidebar":"","neve_meta_container":"","neve_meta_enable_content_width":"","neve_meta_content_width":0,"neve_meta_title_alignment":"","neve_meta_author_avatar":"","neve_post_elements_order":"","neve_meta_disable_header":"","neve_meta_disable_footer":"","neve_meta_disable_title":"","_themeisle_gutenberg_block_has_review":false,"footnotes":""},"class_list":["post-555","page","type-page","status-publish","hentry"],"_links":{"self":[{"href":"https:\/\/kotmorski.fund\/index.php?rest_route=\/wp\/v2\/pages\/555","targetHints":{"allow":["GET"]}}],"collection":[{"href":"https:\/\/kotmorski.fund\/index.php?rest_route=\/wp\/v2\/pages"}],"about":[{"href":"https:\/\/kotmorski.fund\/index.php?rest_route=\/wp\/v2\/types\/page"}],"author":[{"embeddable":true,"href":"https:\/\/kotmorski.fund\/index.php?rest_route=\/wp\/v2\/users\/1"}],"replies":[{"embeddable":true,"href":"https:\/\/kotmorski.fund\/index.php?rest_route=%2Fwp%2Fv2%2Fcomments&post=555"}],"version-history":[{"count":2,"href":"https:\/\/kotmorski.fund\/index.php?rest_route=\/wp\/v2\/pages\/555\/revisions"}],"predecessor-version":[{"id":559,"href":"https:\/\/kotmorski.fund\/index.php?rest_route=\/wp\/v2\/pages\/555\/revisions\/559"}],"wp:attachment":[{"href":"https:\/\/kotmorski.fund\/index.php?rest_route=%2Fwp%2Fv2%2Fmedia&parent=555"}],"curies":[{"name":"wp","href":"https:\/\/api.w.org\/{rel}","templated":true}]}}