{"id":478,"date":"2025-02-21T12:12:24","date_gmt":"2025-02-21T12:12:24","guid":{"rendered":"https:\/\/kotmorski.fund\/?page_id=478"},"modified":"2025-02-24T13:48:30","modified_gmt":"2025-02-24T13:48:30","slug":"wspomoz-nas-rzeczowo","status":"publish","type":"page","link":"https:\/\/kotmorski.fund\/?page_id=478","title":{"rendered":"Wspom\u00f3\u017c nas rzeczowo"},"content":{"rendered":"\n<p>Prawdopodobnie masz przedmioty, rzeczy, prawa lub warto\u015bci niematerialne, kt\u00f3re <strong>nie s\u0105 Ci potrzebne<\/strong> i stanowi\u0105 dla Ciebie obci\u0105\u017cenie. Mo\u017ce takie, w kt\u00f3re od dawna ju\u017c nie wierzysz, \u017ce <strong>kiedykolwiek z nich skorzystasz?<\/strong> A mo\u017ce takie, kt\u00f3re bez sensu sprzedawa\u0107, bo chcia\u0142(a)by\u015b <strong>odda\u0107 w dobre r\u0119ce<\/strong>&#8230;<\/p>\n\n\n\n<p>&#8211; Jestem znana z tego, \u017ce umiem da\u0107 rzeczom drugie \u017cycie &#8211; m\u00f3wi nasza prezeska Alicja Szczypta. Filozofia zero-waste, has\u0142o &#8222;nie wyrzucaj, napraw&#8221; oraz &#8222;wykorzystaj ponownie&#8221; mo\u017ce mie\u0107 swoje praktyczne zastosowanie w\u0142a\u015bnie w odniesieniu do takich d\u00f3br, oraz III sektora czyli NGO. Nasza fundacja przygarnie i da drugie \u017cycie wszystkiemu co zwi\u0105zane z morzem, a tak\u017ce bie\u017c\u0105c\u0105 dzia\u0142alno\u015bci\u0105 i rozwojem.<\/p>\n\n\n\n<p><strong>Nie damy jachtom i\u015b\u0107 na z\u0142om!<\/strong><br>Wiemy, \u017ce niekt\u00f3re jachty, \u017caglowe czy motorowe s\u0105 ca\u0142kowicie <strong>niesprzedawalne<\/strong> rynkowo. A r\u00f3wnocze\u015bnie s\u0105 w pe\u0142ni p\u0142ywaj\u0105ce. Mog\u0105 wi\u0119c pos\u0142u\u017cy\u0107 celom <strong>szkoleniowym<\/strong>, <strong>m\u0142odzie\u017cy<\/strong>, a tak\u017ce sta\u0107 si\u0119 <strong>przedmiotem zaj\u0119\u0107 praktycznych<\/strong> z techniki jachtowej lub szkutnictwa.<\/p>\n\n\n\n<p><strong>Podr\u00f3\u017ce palcem po mapie<\/strong><br>\u017beglowanie i podr\u00f3\u017ce wielu os\u00f3b rozpocz\u0119\u0142y si\u0119 od podr\u00f3\u017cowania palcem po mapie za m\u0142odu. Nie dajmy umrze\u0107 temu zwyczajowi, pami\u0119taj\u0105c \u017ce po mapie elektronicznej tak \u0142atwo palcem si\u0119 nie podr\u00f3\u017cuje, a jej u\u017cywanie odarte jest z tego retro romantyzmu i old style&#8217;u. <strong>Stare mapy<\/strong> przygarniemy! Pos\u0142u\u017c\u0105 do nauki lub do wystroju.<\/p>\n\n\n\n<p><strong>Egzotyka i kultura marynistyczna<\/strong><br>Historia pisana j\u0119zykiem drobnych przedmiot\u00f3w codziennego u\u017cytku, to historia ludzi i zdarze\u0144 im towarzysz\u0105cych. Chc\u0105c si\u0119 podzieli\u0107 nasz\u0105 histori\u0105, odwiedzonym miejscem, kupujemy sobie pami\u0105tki. Rzecz sprzed setek lat jest pami\u0105tk\u0105 po \u015bwiecie, kt\u00f3ry dawno przemin\u0105\u0142. W swoim istnieniu, jest z nami nadal.<\/p>\n\n\n\n<p><strong>Akwarele<\/strong><br>Nasza prezeska uwielbia je i ch\u0119tnie przyjmie jak\u0105\u015b na wystr\u00f3j siedziby Fundacji Kota Morskiego.<\/p>\n\n\n\n<p><strong>Kryptowaluty<\/strong><br>Rozumiemy osoby, kt\u00f3re zawiod\u0142y si\u0119 na kryptowalutach. To wyj\u0105tkowo spekulacyjny rynek, obarczony gigantycznym ryzykiem. Wiemy, \u017ce po pora\u017cce inwestycyjnej, nie chcesz na nie ju\u017c patrze\u0107, zw\u0142aszcza gdy ich warto\u015b\u0107 nie starczy ju\u017c nawet na przys\u0142owiowe waciki. Podaruj nam je! Mo\u017ce uda si\u0119 je kiedy\u015b wykorzysta\u0107 z po\u017cytkiem dla wszystkich&#8230;<\/p>\n\n\n\n<p><strong>Elektronika morska i biurowa:<\/strong><br>projektor<br><s>komputer do monta\u017cu wideo<\/s><br><s>komputer biurowy<\/s><br>dysk SSD >500GB<br><s>drukarka<\/s><br>ksero<br>zasilacz ATX ok 500W<br>laptop slim lub ultraslim koloru bia\u0142ego<br>kamerka internetowa<br>radio morskie UKF z uszkodzon\u0105 ko\u0144c\u00f3wk\u0105 mocy<\/p>\n\n\n\n<p><strong>Elektronarz\u0119dzia<\/strong><br>Nasi dzielni ch\u0142opcy nie tylko p\u0142ywaj\u0105, ale r\u00f3wnie\u017c serwisuj\u0105 jachty i ucz\u0105 m\u0142odych chief\u00f3w jachtowych obcowania z technik\u0105 na jachcie. Niestety przy nauce narz\u0119dzia niszcz\u0105 si\u0119 najbardziej. Nie zliczymy spalonych wierte\u0142, wiertarek i zar\u017cni\u0119tych wyrzynarek. Masz co\u015b czym mo\u017cesz si\u0119 podzieli\u0107? Ch\u0119tnie przygarniemy.<\/p>\n\n\n\n<p>A tak\u017ce inne ruchomo\u015bci i nieruchomo\u015bci, kt\u00f3re Tobie ju\u017c nie s\u0142u\u017c\u0105, a mog\u0105 pos\u0142u\u017cy\u0107 innym&#8230;<\/p>\n","protected":false},"excerpt":{"rendered":"<p>Prawdopodobnie masz przedmioty, rzeczy, prawa lub warto\u015bci niematerialne, kt\u00f3re nie s\u0105 Ci potrzebne i stanowi\u0105 dla Ciebie obci\u0105\u017cenie. Mo\u017ce takie, w kt\u00f3re od dawna ju\u017c nie wierzysz, \u017ce kiedykolwiek z nich skorzystasz? A mo\u017ce takie, kt\u00f3re bez sensu sprzedawa\u0107, bo chcia\u0142(a)by\u015b odda\u0107 w dobre r\u0119ce&#8230; &#8211; Jestem znana z tego, \u017ce umiem da\u0107 rzeczom drugie&hellip;&nbsp;<a href=\"https:\/\/kotmorski.fund\/?page_id=478\" rel=\"bookmark\">Dowiedz si\u0119 wi\u0119cej &raquo;<span class=\"screen-reader-text\">Wspom\u00f3\u017c nas rzeczowo<\/span><\/a><\/p>\n","protected":false},"author":1,"featured_media":0,"parent":0,"menu_order":0,"comment_status":"closed","ping_status":"closed","template":"","meta":{"neve_meta_sidebar":"","neve_meta_container":"","neve_meta_enable_content_width":"","neve_meta_content_width":0,"neve_meta_title_alignment":"","neve_meta_author_avatar":"","neve_post_elements_order":"","neve_meta_disable_header":"","neve_meta_disable_footer":"","neve_meta_disable_title":"","_themeisle_gutenberg_block_has_review":false,"footnotes":""},"class_list":["post-478","page","type-page","status-publish","hentry"],"_links":{"self":[{"href":"https:\/\/kotmorski.fund\/index.php?rest_route=\/wp\/v2\/pages\/478","targetHints":{"allow":["GET"]}}],"collection":[{"href":"https:\/\/kotmorski.fund\/index.php?rest_route=\/wp\/v2\/pages"}],"about":[{"href":"https:\/\/kotmorski.fund\/index.php?rest_route=\/wp\/v2\/types\/page"}],"author":[{"embeddable":true,"href":"https:\/\/kotmorski.fund\/index.php?rest_route=\/wp\/v2\/users\/1"}],"replies":[{"embeddable":true,"href":"https:\/\/kotmorski.fund\/index.php?rest_route=%2Fwp%2Fv2%2Fcomments&post=478"}],"version-history":[{"count":10,"href":"https:\/\/kotmorski.fund\/index.php?rest_route=\/wp\/v2\/pages\/478\/revisions"}],"predecessor-version":[{"id":493,"href":"https:\/\/kotmorski.fund\/index.php?rest_route=\/wp\/v2\/pages\/478\/revisions\/493"}],"wp:attachment":[{"href":"https:\/\/kotmorski.fund\/index.php?rest_route=%2Fwp%2Fv2%2Fmedia&parent=478"}],"curies":[{"name":"wp","href":"https:\/\/api.w.org\/{rel}","templated":true}]}}