{"id":457,"date":"2025-01-27T13:48:34","date_gmt":"2025-01-27T13:48:34","guid":{"rendered":"https:\/\/kotmorski.fund\/?page_id=457"},"modified":"2025-06-27T12:08:40","modified_gmt":"2025-06-27T12:08:40","slug":"ambasador-fundacji","status":"publish","type":"page","link":"https:\/\/kotmorski.fund\/?page_id=457","title":{"rendered":"Ambasador Fundacji"},"content":{"rendered":"\n<p>Ambasador Fundacji Kota Morskiego to zaszczytna funkcja, kt\u00f3r\u0105 pe\u0142ni\u0107 mo\u017ce nie tylko \u017ceglarz, ale ka\u017cdy cz\u0142owiek<br>przyjazny \u017ceglarstwu, morzu i naszej za\u0142odze.<\/p>\n\n\n\n<p><strong>Do obowi\u0105zk\u00f3w<\/strong> Ambasadora Fundacji Kota Morskiego nale\u017cy tworzenie dobrej atmosfery dla profesjonalnego \u017ceglarstwa, w szczeg\u00f3lno\u015bci:<\/p>\n\n\n\n<ul class=\"wp-block-list\">\n<li>Podkre\u015blanie znaczenia rozwagi i bezpiecze\u0144stwa w kontakcie z wod\u0105<\/li>\n\n\n\n<li>Podkre\u015blanie znaczenia kszta\u0142cenia m\u0142odych kadr<\/li>\n\n\n\n<li>Podkre\u015blanie roli \u017ceglarstwa dla rozwoju sektora rekreacji, turystyki i \u017ceglugi<\/li>\n\n\n\n<li>S\u0142awienie dobrego imienia Fundacji i wspieranie jej przedsi\u0119wzi\u0119\u0107 w kraju i za granic\u0105<\/li>\n<\/ul>\n\n\n\n<p><strong>Ambasadorzy Fundacji s\u0105 wyr\u00f3\u017cniani <\/strong><\/p>\n\n\n\n<ul class=\"wp-block-list\">\n<li>Permanentnym zaproszeniem do wsp\u00f3lnego p\u0142ywania<\/li>\n\n\n\n<li>Zaproszeniem na wszystkie imprezy i wydarzenia Fundacji<\/li>\n\n\n\n<li>Certyfikatem<\/li>\n\n\n\n<li>Wizyt\u00f3wkami<\/li>\n\n\n\n<li>Wpisem na Li\u015bcie Ambasador\u00f3w Fundacji Kota Morskiego<\/li>\n<\/ul>\n\n\n\n<p><\/p>\n\n\n\n<p class=\"has-nv-site-bg-color has-text-color has-link-color wp-elements-adb230514f0d598808568dc74cf20d53\"><strong>Lista Ambasador\u00f3w Fundacji Kota Morskiego<\/strong><\/p>\n\n\n\n<p class=\"has-nv-site-bg-color has-text-color has-link-color wp-elements-b368e262a91ad684b24b7a218ed78d73\">Aleksandra Gajoch<\/p>\n\n\n\n<p class=\"has-nv-site-bg-color has-text-color has-link-color wp-elements-87e46f7b985ebe129e78d898ee6ec491\">Ma\u0142gorzata Tomaszewska<\/p>\n","protected":false},"excerpt":{"rendered":"<p>Ambasador Fundacji Kota Morskiego to zaszczytna funkcja, kt\u00f3r\u0105 pe\u0142ni\u0107 mo\u017ce nie tylko \u017ceglarz, ale ka\u017cdy cz\u0142owiekprzyjazny \u017ceglarstwu, morzu i naszej za\u0142odze. Do obowi\u0105zk\u00f3w Ambasadora Fundacji Kota Morskiego nale\u017cy tworzenie dobrej atmosfery dla profesjonalnego \u017ceglarstwa, w szczeg\u00f3lno\u015bci: Ambasadorzy Fundacji s\u0105 wyr\u00f3\u017cniani Lista Ambasador\u00f3w Fundacji Kota Morskiego Aleksandra Gajoch Ma\u0142gorzata Tomaszewska<\/p>\n","protected":false},"author":1,"featured_media":0,"parent":0,"menu_order":0,"comment_status":"closed","ping_status":"closed","template":"","meta":{"neve_meta_sidebar":"","neve_meta_container":"","neve_meta_enable_content_width":"","neve_meta_content_width":0,"neve_meta_title_alignment":"","neve_meta_author_avatar":"","neve_post_elements_order":"","neve_meta_disable_header":"","neve_meta_disable_footer":"","neve_meta_disable_title":"","_themeisle_gutenberg_block_has_review":false,"footnotes":""},"class_list":["post-457","page","type-page","status-publish","hentry"],"_links":{"self":[{"href":"https:\/\/kotmorski.fund\/index.php?rest_route=\/wp\/v2\/pages\/457","targetHints":{"allow":["GET"]}}],"collection":[{"href":"https:\/\/kotmorski.fund\/index.php?rest_route=\/wp\/v2\/pages"}],"about":[{"href":"https:\/\/kotmorski.fund\/index.php?rest_route=\/wp\/v2\/types\/page"}],"author":[{"embeddable":true,"href":"https:\/\/kotmorski.fund\/index.php?rest_route=\/wp\/v2\/users\/1"}],"replies":[{"embeddable":true,"href":"https:\/\/kotmorski.fund\/index.php?rest_route=%2Fwp%2Fv2%2Fcomments&post=457"}],"version-history":[{"count":5,"href":"https:\/\/kotmorski.fund\/index.php?rest_route=\/wp\/v2\/pages\/457\/revisions"}],"predecessor-version":[{"id":508,"href":"https:\/\/kotmorski.fund\/index.php?rest_route=\/wp\/v2\/pages\/457\/revisions\/508"}],"wp:attachment":[{"href":"https:\/\/kotmorski.fund\/index.php?rest_route=%2Fwp%2Fv2%2Fmedia&parent=457"}],"curies":[{"name":"wp","href":"https:\/\/api.w.org\/{rel}","templated":true}]}}