{"id":434,"date":"2025-01-21T14:18:36","date_gmt":"2025-01-21T14:18:36","guid":{"rendered":"https:\/\/kotmorski.fund\/?page_id=434"},"modified":"2025-06-27T12:20:24","modified_gmt":"2025-06-27T12:20:24","slug":"nasza-flota","status":"publish","type":"page","link":"https:\/\/kotmorski.fund\/?page_id=434","title":{"rendered":"Nasza flota:"},"content":{"rendered":"\n<p>Nie jest przypadkiem, \u017ce wszystkie nasze jachty maj\u0105 nazw\u0119 ko\u0144cz\u0105c\u0105 si\u0119 na -ella. Kate Ryan my\u015bli o nas \u015bpiewaj\u0105c &#8222;ella, ella&#8221;, a my zastanawiamy si\u0119 jaka \u0142ajba b\u0119dzie kolejna&#8230; Nutella? Straciatella? Bo na pewno nie Salmonella&#8230;<\/p>\n\n\n\n<div class=\"wp-block-columns is-layout-flex wp-container-core-columns-is-layout-9d6595d7 wp-block-columns-is-layout-flex\">\n<div class=\"wp-block-column is-layout-flow wp-block-column-is-layout-flow\">\n<h2 class=\"wp-block-heading\">Marthella<\/h2>\n\n\n\n<p id=\"block-a779f7ff-0c8b-456e-aaa0-9691ac0c7f53\">Nasza flota to przede wszystkim jacht \u017caglowy Marthella. Jest to dwunastometrowy kecz bermudzki, ze ster\u00f3wk\u0105 i 8 w sumie miejscami. Jest to jednostka dedykowana do rejs\u00f3w sta\u017cowo-szkoleniowych oraz turystycznych. Ma du\u017c\u0105 autonomi\u0119 i akwen \u017ceglugi pe\u0142nomorski, cho\u0107 konstrukcyjnie jest oceaniczna.<\/p>\n\n\n\n<p>P\u0142ywa po Ba\u0142tyku, czasem zapuszcza si\u0119 na Morze P\u00f3\u0142nocne, a najcz\u0119\u015bciej odwiedzanym przez ni\u0105 krajem jest Dania. Z Danii pochodzi, cho\u0107 jest konstrukcji holenderskiej, ale z dum\u0105 nosi bander\u0119 &#8222;tych drugich bia\u0142o-czerwonych&#8221;.<\/p>\n<\/div>\n\n\n\n<div class=\"wp-block-column is-layout-flow wp-block-column-is-layout-flow\">\n<figure class=\"wp-block-image size-large\"><img loading=\"lazy\" decoding=\"async\" width=\"768\" height=\"1024\" src=\"https:\/\/kotmorski.fund\/wp-content\/uploads\/2025\/06\/IMG-20240908-WA0002-768x1024.jpg\" alt=\"\" class=\"wp-image-510\" srcset=\"https:\/\/kotmorski.fund\/wp-content\/uploads\/2025\/06\/IMG-20240908-WA0002-768x1024.jpg 768w, https:\/\/kotmorski.fund\/wp-content\/uploads\/2025\/06\/IMG-20240908-WA0002-225x300.jpg 225w, https:\/\/kotmorski.fund\/wp-content\/uploads\/2025\/06\/IMG-20240908-WA0002-1152x1536.jpg 1152w, https:\/\/kotmorski.fund\/wp-content\/uploads\/2025\/06\/IMG-20240908-WA0002.jpg 1200w\" sizes=\"auto, (max-width: 768px) 100vw, 768px\" \/><\/figure>\n<\/div>\n<\/div>\n\n\n\n<div class=\"wp-block-columns is-layout-flex wp-container-core-columns-is-layout-9d6595d7 wp-block-columns-is-layout-flex\">\n<div class=\"wp-block-column is-layout-flow wp-block-column-is-layout-flow\">\n<h2 class=\"wp-block-heading\">Fanabella<\/h2>\n\n\n\n<p id=\"block-a779f7ff-0c8b-456e-aaa0-9691ac0c7f53\"><img decoding=\"async\" src=\"https:\/\/kotmorski.fund\/wp-content\/uploads\/2025\/06\/482211334_1224971059630893_1171612193452146382_n-768x1024.jpg\" alt=\"\"><\/p>\n<\/div>\n\n\n\n<div class=\"wp-block-column is-layout-flow wp-block-column-is-layout-flow\">\n<h2 class=\"wp-block-heading\"><\/h2>\n\n\n\n<p id=\"block-a779f7ff-0c8b-456e-aaa0-9691ac0c7f53\">Fabanella jest pe\u0142nomorsk\u0105 motor\u00f3wk\u0105, kt\u00f3ra w Skandynawii typowo wykorzystywana jest jako \u0142\u00f3d\u017a robocza, nurkowa, kuterek.<\/p>\n\n\n\n<p>Jest bezpieczna, cechuje si\u0119 mi\u0119kk\u0105 stateczno\u015bci\u0105, podobn\u0105 jak jachty \u017caglowe, oraz d\u0142ugim kilem. Przez to jest specyficzna w manewrowaniu, a dzi\u0119ki temu urz\u0105dzamy na niej szkolenia manewrowe.<\/p>\n\n\n\n<p>P\u0142ywa po Ba\u0142tyku, najcz\u0119\u015bciej po Zatoce Gda\u0144skiej. Z Danii pochodzi, wcze\u015bniej by\u0142a kutrem.<\/p>\n<\/div>\n<\/div>\n\n\n\n<div class=\"wp-block-columns is-layout-flex wp-container-core-columns-is-layout-9d6595d7 wp-block-columns-is-layout-flex\">\n<div class=\"wp-block-column is-layout-flow wp-block-column-is-layout-flow\">\n<h2 class=\"wp-block-heading\">Morella<\/h2>\n\n\n\n<p>O Morelli powiem tylko tyle, \u017ce jest to niemiecki Lotus 2 i trafi\u0142a do nas jako darowizna na cele statutowe. Obecnie j\u0105 remontujemy, a robimy to r\u0119koma wolontariuszy z Akademii M\u0142odych Chief\u00f3w Jachtowych ze Szczecina!<\/p>\n<\/div>\n\n\n\n<div class=\"wp-block-column is-layout-flow wp-block-column-is-layout-flow\"><\/div>\n<\/div>\n","protected":false},"excerpt":{"rendered":"<p>Nie jest przypadkiem, \u017ce wszystkie nasze jachty maj\u0105 nazw\u0119 ko\u0144cz\u0105c\u0105 si\u0119 na -ella. Kate Ryan my\u015bli o nas \u015bpiewaj\u0105c &#8222;ella, ella&#8221;, a my zastanawiamy si\u0119 jaka \u0142ajba b\u0119dzie kolejna&#8230; Nutella? Straciatella? Bo na pewno nie Salmonella&#8230; Marthella Nasza flota to przede wszystkim jacht \u017caglowy Marthella. Jest to dwunastometrowy kecz bermudzki, ze ster\u00f3wk\u0105 i 8 w&hellip;&nbsp;<a href=\"https:\/\/kotmorski.fund\/?page_id=434\" rel=\"bookmark\">Dowiedz si\u0119 wi\u0119cej &raquo;<span class=\"screen-reader-text\">Nasza flota:<\/span><\/a><\/p>\n","protected":false},"author":1,"featured_media":0,"parent":0,"menu_order":0,"comment_status":"closed","ping_status":"closed","template":"","meta":{"neve_meta_sidebar":"","neve_meta_container":"","neve_meta_enable_content_width":"","neve_meta_content_width":0,"neve_meta_title_alignment":"","neve_meta_author_avatar":"","neve_post_elements_order":"","neve_meta_disable_header":"","neve_meta_disable_footer":"","neve_meta_disable_title":"","_themeisle_gutenberg_block_has_review":false,"footnotes":""},"class_list":["post-434","page","type-page","status-publish","hentry"],"_links":{"self":[{"href":"https:\/\/kotmorski.fund\/index.php?rest_route=\/wp\/v2\/pages\/434","targetHints":{"allow":["GET"]}}],"collection":[{"href":"https:\/\/kotmorski.fund\/index.php?rest_route=\/wp\/v2\/pages"}],"about":[{"href":"https:\/\/kotmorski.fund\/index.php?rest_route=\/wp\/v2\/types\/page"}],"author":[{"embeddable":true,"href":"https:\/\/kotmorski.fund\/index.php?rest_route=\/wp\/v2\/users\/1"}],"replies":[{"embeddable":true,"href":"https:\/\/kotmorski.fund\/index.php?rest_route=%2Fwp%2Fv2%2Fcomments&post=434"}],"version-history":[{"count":5,"href":"https:\/\/kotmorski.fund\/index.php?rest_route=\/wp\/v2\/pages\/434\/revisions"}],"predecessor-version":[{"id":517,"href":"https:\/\/kotmorski.fund\/index.php?rest_route=\/wp\/v2\/pages\/434\/revisions\/517"}],"wp:attachment":[{"href":"https:\/\/kotmorski.fund\/index.php?rest_route=%2Fwp%2Fv2%2Fmedia&parent=434"}],"curies":[{"name":"wp","href":"https:\/\/api.w.org\/{rel}","templated":true}]}}