{"id":415,"date":"2025-01-21T14:01:27","date_gmt":"2025-01-21T14:01:27","guid":{"rendered":"https:\/\/kotmorski.fund\/?page_id=415"},"modified":"2025-02-21T12:08:50","modified_gmt":"2025-02-21T12:08:50","slug":"skorzystaj-z-naszego-wsparcia","status":"publish","type":"page","link":"https:\/\/kotmorski.fund\/?page_id=415","title":{"rendered":"Skorzystaj z naszego wsparcia"},"content":{"rendered":"\n<p><strong>Szkolenie:<\/strong><br>podstawowe i zaawansowane szkolenie \u017ceglarskie<br>Akademia Chief\u00f3w Jachtowych<\/p>\n\n\n\n<p><\/p>\n\n\n\n<p><\/p>\n\n\n\n<p><strong>Doradztwo:<\/strong><br>w zakresie drogi kariery \u017ceglarskiej<br>zakupu jachtu<br>planowania rejs\u00f3w<\/p>\n","protected":false},"excerpt":{"rendered":"<p>Szkolenie:podstawowe i zaawansowane szkolenie \u017ceglarskieAkademia Chief\u00f3w Jachtowych Doradztwo:w zakresie drogi kariery \u017ceglarskiejzakupu jachtuplanowania rejs\u00f3w<\/p>\n","protected":false},"author":1,"featured_media":0,"parent":0,"menu_order":0,"comment_status":"closed","ping_status":"closed","template":"","meta":{"neve_meta_sidebar":"","neve_meta_container":"","neve_meta_enable_content_width":"","neve_meta_content_width":0,"neve_meta_title_alignment":"","neve_meta_author_avatar":"","neve_post_elements_order":"","neve_meta_disable_header":"","neve_meta_disable_footer":"","neve_meta_disable_title":"","_themeisle_gutenberg_block_has_review":false,"footnotes":""},"class_list":["post-415","page","type-page","status-publish","hentry"],"_links":{"self":[{"href":"https:\/\/kotmorski.fund\/index.php?rest_route=\/wp\/v2\/pages\/415","targetHints":{"allow":["GET"]}}],"collection":[{"href":"https:\/\/kotmorski.fund\/index.php?rest_route=\/wp\/v2\/pages"}],"about":[{"href":"https:\/\/kotmorski.fund\/index.php?rest_route=\/wp\/v2\/types\/page"}],"author":[{"embeddable":true,"href":"https:\/\/kotmorski.fund\/index.php?rest_route=\/wp\/v2\/users\/1"}],"replies":[{"embeddable":true,"href":"https:\/\/kotmorski.fund\/index.php?rest_route=%2Fwp%2Fv2%2Fcomments&post=415"}],"version-history":[{"count":2,"href":"https:\/\/kotmorski.fund\/index.php?rest_route=\/wp\/v2\/pages\/415\/revisions"}],"predecessor-version":[{"id":419,"href":"https:\/\/kotmorski.fund\/index.php?rest_route=\/wp\/v2\/pages\/415\/revisions\/419"}],"wp:attachment":[{"href":"https:\/\/kotmorski.fund\/index.php?rest_route=%2Fwp%2Fv2%2Fmedia&parent=415"}],"curies":[{"name":"wp","href":"https:\/\/api.w.org\/{rel}","templated":true}]}}