{"id":385,"date":"2025-01-21T13:07:55","date_gmt":"2025-01-21T13:07:55","guid":{"rendered":"https:\/\/kotmorski.fund\/?page_id=385"},"modified":"2025-01-21T13:09:54","modified_gmt":"2025-01-21T13:09:54","slug":"akademia-chiefow-jachtowych","status":"publish","type":"page","link":"https:\/\/kotmorski.fund\/?page_id=385","title":{"rendered":"Akademia Chief\u00f3w Jachtowych"},"content":{"rendered":"\n<p>Tu mo\u017cesz nauczy\u0107 si\u0119 jak to jest w \u017ceglarstwie profesjonalnym, co to znaczy by\u0107 profesjonalist\u0105 i sprawdzi\u0107 si\u0119 czy dasz rad\u0119. My Ci zapewnimy mo\u017cliwo\u015b\u0107 praktycznej nauki oraz sta\u017c morski do awansu i zdobywania kolejnych patent\u00f3w i certyfikat\u00f3w. Niekt\u00f3re z nich sfinansujemy.<\/p>\n\n\n\n<p>Zobacz <a href=\"https:\/\/kotmorski.fund\/?page_id=380\">regulamin<\/a><\/p>\n\n\n\n<p>Zawierasz z nami umow\u0119 o sta\u017c<\/p>\n\n\n\n<p>Na koniec wystawiamy Ci opinie z rejsu, potwierdzamy karty rejs\u00f3w i wydajemy za\u015bwiadczenie.<\/p>\n","protected":false},"excerpt":{"rendered":"<p>Tu mo\u017cesz nauczy\u0107 si\u0119 jak to jest w \u017ceglarstwie profesjonalnym, co to znaczy by\u0107 profesjonalist\u0105 i sprawdzi\u0107 si\u0119 czy dasz rad\u0119. My Ci zapewnimy mo\u017cliwo\u015b\u0107 praktycznej nauki oraz sta\u017c morski do awansu i zdobywania kolejnych patent\u00f3w i certyfikat\u00f3w. Niekt\u00f3re z nich sfinansujemy. Zobacz regulamin Zawierasz z nami umow\u0119 o sta\u017c Na koniec wystawiamy Ci opinie&hellip;&nbsp;<a href=\"https:\/\/kotmorski.fund\/?page_id=385\" rel=\"bookmark\">Dowiedz si\u0119 wi\u0119cej &raquo;<span class=\"screen-reader-text\">Akademia Chief\u00f3w Jachtowych<\/span><\/a><\/p>\n","protected":false},"author":1,"featured_media":0,"parent":0,"menu_order":0,"comment_status":"closed","ping_status":"closed","template":"","meta":{"neve_meta_sidebar":"","neve_meta_container":"","neve_meta_enable_content_width":"","neve_meta_content_width":0,"neve_meta_title_alignment":"","neve_meta_author_avatar":"","neve_post_elements_order":"","neve_meta_disable_header":"","neve_meta_disable_footer":"","neve_meta_disable_title":"","_themeisle_gutenberg_block_has_review":false,"footnotes":""},"class_list":["post-385","page","type-page","status-publish","hentry"],"_links":{"self":[{"href":"https:\/\/kotmorski.fund\/index.php?rest_route=\/wp\/v2\/pages\/385","targetHints":{"allow":["GET"]}}],"collection":[{"href":"https:\/\/kotmorski.fund\/index.php?rest_route=\/wp\/v2\/pages"}],"about":[{"href":"https:\/\/kotmorski.fund\/index.php?rest_route=\/wp\/v2\/types\/page"}],"author":[{"embeddable":true,"href":"https:\/\/kotmorski.fund\/index.php?rest_route=\/wp\/v2\/users\/1"}],"replies":[{"embeddable":true,"href":"https:\/\/kotmorski.fund\/index.php?rest_route=%2Fwp%2Fv2%2Fcomments&post=385"}],"version-history":[{"count":2,"href":"https:\/\/kotmorski.fund\/index.php?rest_route=\/wp\/v2\/pages\/385\/revisions"}],"predecessor-version":[{"id":390,"href":"https:\/\/kotmorski.fund\/index.php?rest_route=\/wp\/v2\/pages\/385\/revisions\/390"}],"wp:attachment":[{"href":"https:\/\/kotmorski.fund\/index.php?rest_route=%2Fwp%2Fv2%2Fmedia&parent=385"}],"curies":[{"name":"wp","href":"https:\/\/api.w.org\/{rel}","templated":true}]}}