{"id":380,"date":"2025-01-21T13:05:26","date_gmt":"2025-01-21T13:05:26","guid":{"rendered":"https:\/\/kotmorski.fund\/?page_id=380"},"modified":"2025-01-21T13:12:43","modified_gmt":"2025-01-21T13:12:43","slug":"szkola-chiefow-jachtowych","status":"publish","type":"page","link":"https:\/\/kotmorski.fund\/?page_id=380","title":{"rendered":"Regulamin Akademii Chief\u00f3w Jachtowych"},"content":{"rendered":"\n<p>REGULAMIN dzia\u0142ania<\/p>\n\n\n\n<p>AKADEMIA CHIEF\u00d3W JACHTOWYCH<\/p>\n\n\n\n<p class=\"has-text-align-right\"><em>\u00a7 7<br>Fundacja realizuje swoje cele poprzez:<br>1. Organizacj\u0119 r\u00f3\u017cnych form szkolenia, kszta\u0142cenia i samokszta\u0142cenia<\/em><br><em>w zakresie szeroko poj\u0119tej wiedzy marynistycznej.<\/em><\/p>\n\n\n\n<p><\/p>\n\n\n\n<p><\/p>\n\n\n\n<p><\/p>\n\n\n\n<p>Akademia Chief\u00f3w Jachtowych jest otwarta dla wszystkich os\u00f3b, kt\u00f3re chc\u0105 uprawia\u0107 bezpieczn\u0105 i skuteczn\u0105 \u017ceglug\u0119 morsk\u0105.<\/p>\n\n\n\n<p>Akademia Chief\u00f3w Jachtowych to cykl cz\u0119\u015bciowo zindywidualizowanego pakietu szkole\u0144 obejmuj\u0105cego szkolenia teoretyczne po polsku, teoretyczne po angielsku, praktyczne w porcie (prace bosma\u0144skie) oraz praktyczne na morzu.<\/p>\n\n\n\n<p>Czas uczestnictwa szkolonego w Akademii Chief\u00f3w Jachtowych wynosi:<br>&#8211; 1 rok jako \u017beglarz Profesjonalny oraz<br>&#8211; 1 rok jako Chief Jachtowy<\/p>\n\n\n\n<p>Warunkiem przyst\u0105pienia do Akademii Chief\u00f3w Jachtowych jest posiadanie patentu \u017beglarza Jachtowego oraz \u015bwiadectwa przeszkolenia Basic Safety Training STCW.<\/p>\n\n\n\n<p>Uczestnicy Akademii Chief\u00f3w Jachtowych bior\u0105 udzia\u0142 w zaj\u0119ciach praktycznych (bosma\u0144skie) i \u017ceglugowych (rejsy) pod okiem szkoleniowc\u00f3w i instruktor\u00f3w upowa\u017cnionych przez Fundacj\u0119; oraz bior\u0105 udzia\u0142 w szkoleniach organizowanych przez podmioty trzecie, a rekomendowane przez Fundacj\u0119.<\/p>\n\n\n\n<p>Fundacja pokrywa koszty certyfikacji (egzamin\u00f3w) nale\u017c\u0105cych do programu Akademii Chief\u00f3w Jachtowych.<\/p>\n\n\n\n<p>Zako\u0144czenie Akademii Chief\u00f3w Jachtowych oznacza osi\u0105gni\u0119cie przynajmniej patentu Jachtowego Sternika Morskiego, certyfikatu SRC, oraz minimum 4 \u015bwiadectw tematycznych w j\u0119zyku angielskim. W cz\u0119\u015bci praktycznej oznacza zaokr\u0119towanie przynajmniej p\u00f3\u0142 roku na komercyjnej jednostce p\u0142ywaj\u0105cej nale\u017c\u0105cej do Fundacji lub partnera Fundacji oraz wyp\u0142ywanie przynajmniej 400 godzin w ci\u0105gu ca\u0142ego okresu Akademii Chief\u00f3w Jachtowych.<\/p>\n","protected":false},"excerpt":{"rendered":"<p>REGULAMIN dzia\u0142ania AKADEMIA CHIEF\u00d3W JACHTOWYCH \u00a7 7Fundacja realizuje swoje cele poprzez:1. Organizacj\u0119 r\u00f3\u017cnych form szkolenia, kszta\u0142cenia i samokszta\u0142ceniaw zakresie szeroko poj\u0119tej wiedzy marynistycznej. Akademia Chief\u00f3w Jachtowych jest otwarta dla wszystkich os\u00f3b, kt\u00f3re chc\u0105 uprawia\u0107 bezpieczn\u0105 i skuteczn\u0105 \u017ceglug\u0119 morsk\u0105. Akademia Chief\u00f3w Jachtowych to cykl cz\u0119\u015bciowo zindywidualizowanego pakietu szkole\u0144 obejmuj\u0105cego szkolenia teoretyczne po polsku, teoretyczne po&hellip;&nbsp;<a href=\"https:\/\/kotmorski.fund\/?page_id=380\" rel=\"bookmark\">Dowiedz si\u0119 wi\u0119cej &raquo;<span class=\"screen-reader-text\">Regulamin Akademii Chief\u00f3w Jachtowych<\/span><\/a><\/p>\n","protected":false},"author":1,"featured_media":0,"parent":0,"menu_order":0,"comment_status":"closed","ping_status":"closed","template":"","meta":{"neve_meta_sidebar":"","neve_meta_container":"","neve_meta_enable_content_width":"","neve_meta_content_width":0,"neve_meta_title_alignment":"","neve_meta_author_avatar":"","neve_post_elements_order":"","neve_meta_disable_header":"","neve_meta_disable_footer":"","neve_meta_disable_title":"","_themeisle_gutenberg_block_has_review":false,"footnotes":""},"class_list":["post-380","page","type-page","status-publish","hentry"],"_links":{"self":[{"href":"https:\/\/kotmorski.fund\/index.php?rest_route=\/wp\/v2\/pages\/380","targetHints":{"allow":["GET"]}}],"collection":[{"href":"https:\/\/kotmorski.fund\/index.php?rest_route=\/wp\/v2\/pages"}],"about":[{"href":"https:\/\/kotmorski.fund\/index.php?rest_route=\/wp\/v2\/types\/page"}],"author":[{"embeddable":true,"href":"https:\/\/kotmorski.fund\/index.php?rest_route=\/wp\/v2\/users\/1"}],"replies":[{"embeddable":true,"href":"https:\/\/kotmorski.fund\/index.php?rest_route=%2Fwp%2Fv2%2Fcomments&post=380"}],"version-history":[{"count":6,"href":"https:\/\/kotmorski.fund\/index.php?rest_route=\/wp\/v2\/pages\/380\/revisions"}],"predecessor-version":[{"id":393,"href":"https:\/\/kotmorski.fund\/index.php?rest_route=\/wp\/v2\/pages\/380\/revisions\/393"}],"wp:attachment":[{"href":"https:\/\/kotmorski.fund\/index.php?rest_route=%2Fwp%2Fv2%2Fmedia&parent=380"}],"curies":[{"name":"wp","href":"https:\/\/api.w.org\/{rel}","templated":true}]}}