{"id":375,"date":"2025-01-21T13:00:39","date_gmt":"2025-01-21T13:00:39","guid":{"rendered":"https:\/\/kotmorski.fund\/?page_id=375"},"modified":"2025-01-21T13:01:37","modified_gmt":"2025-01-21T13:01:37","slug":"statut","status":"publish","type":"page","link":"https:\/\/kotmorski.fund\/?page_id=375","title":{"rendered":"Statut"},"content":{"rendered":"\n<p>STATUT FUNDACJI KOTA MORSKIEGO<\/p>\n\n\n\n<p>Postanowienia og\u00f3lne<\/p>\n\n\n\n<p>\u00a7 1<\/p>\n\n\n\n<p>1. Fundacja Kota Morskiego, zwana dalej Fundacj\u0105, ustanowiona przez ALICJ\u0118 SZCZYPT\u0118<\/p>\n\n\n\n<p>zwan\u0105 dalej fundatork\u0105, aktem notarialnym sporz\u0105dzonym przez notariusza Martyn\u0119 Kwiatkowsk\u0105 w kancelarii notarialnej w Gda\u0144sku, ul.Trzy Lipy 2 lok 3\/3, w dniu 25.06.2024 dzia\u0142a na<\/p>\n\n\n\n<p>podstawie przepis\u00f3w prawa polskiego oraz niniejszego statutu.<\/p>\n\n\n\n<p>2. Fundacja jest apolityczna i nie jest zwi\u0105zana z \u017cadnym wyznaniem.<\/p>\n\n\n\n<p>\u00a7 2<\/p>\n\n\n\n<p>Fundacja ma osobowo\u015b\u0107 prawn\u0105.<\/p>\n\n\n\n<p>\u00a7 3<\/p>\n\n\n\n<p>Siedzib\u0105 fundacji jest miasto Gda\u0144sk.<\/p>\n\n\n\n<p>\u00a7 4<\/p>\n\n\n\n<p>1. Fundacja mo\u017ce prowadzi\u0107 dzia\u0142alno\u015b\u0107 na terenie Rzeczypospolitej Polskiej, przy czym dla realizacji swoich cel\u00f3w Fundacja mo\u017ce prowadzi\u0107 swoj\u0105 dzia\u0142alno\u015b\u0107 tak\u017ce poza granicami kraju.<\/p>\n\n\n\n<p>2. Fundacja mo\u017ce dla cel\u00f3w wsp\u00f3\u0142pracy z zagranic\u0105 pos\u0142ugiwa\u0107 si\u0119 t\u0142umaczeniem nazwy w wybranych j\u0119zykach obcych.<\/p>\n\n\n\n<p>\u00a7 5<\/p>\n\n\n\n<p>Fundacja mo\u017ce ustanawia\u0107 odznaki, medale honorowe i przyznawa\u0107 je wraz z innymi nagrodami, wyr\u00f3\u017cnieniami i certyfikatami, osobom fizycznym i prawnym zas\u0142u\u017conym dla fundacji.<\/p>\n\n\n\n<p>Cele i zasady dzia\u0142ania Fundacji.<\/p>\n\n\n\n<p>\u00a7 6<\/p>\n\n\n\n<p>Celami Fundacji s\u0105: dzia\u0142alno\u015b\u0107 o\u015bwiatowa w szczeg\u00f3lno\u015bci polegaj\u0105ca na kszta\u0142ceniu student\u00f3w oraz dzia\u0142alno\u015b\u0107 w zakresie kultury fizycznej i sportu (szeroko poj\u0119tych sport\u00f3w wodnych i rekreacji wodniackiej), przede wszystkim:<\/p>\n\n\n\n<p>1. Upowszechnianie wiedzy i umiej\u0119tno\u015bci zwi\u0105zanych z gospodark\u0105 morsk\u0105 oraz sportem, turystyk\u0105 i rekreacj\u0105 zwi\u0105zanymi z morzem, w szczeg\u00f3lno\u015bci takimi jak \u017ceglarstwo, motorowodniactwo, nurkowanie, w\u0119dkarstwo, a tak\u017ce zasad bezpiecznej \u017ceglugi oraz Dobrej Praktyki Morskiej.<\/p>\n\n\n\n<p>2. Wsparcie dla kobiet, os\u00f3b z niepe\u0142nosprawno\u015bciami, LGBT oraz z mniejszych miejscowo\u015bci chc\u0105cych zajmowa\u0107 si\u0119 \u017ceglarstwem, \u017ceglug\u0105 i szeroko poj\u0119t\u0105 prac\u0105 na morzu.<\/p>\n\n\n\n<p>\u00a7 7<\/p>\n\n\n\n<p>Fundacja realizuje swoje cele poprzez:<\/p>\n\n\n\n<p>1. Organizacj\u0119 r\u00f3\u017cnych form szkolenia, kszta\u0142cenia i samokszta\u0142cenia w zakresie szeroko poj\u0119tej wiedzy marynistycznej oraz rejs\u00f3w stanowi\u0105cych element praktyczny.<\/p>\n\n\n\n<p>2. Rzecznictwo interes\u00f3w armator\u00f3w i kapitan\u00f3w mniejszych jednostek, w szczeg\u00f3lno\u015bci jacht\u00f3w komercyjnych.<\/p>\n\n\n\n<p>3. Dzia\u0142alno\u015b\u0107 edukacyjn\u0105, wydawnicz\u0105 i badawcz\u0105.<\/p>\n\n\n\n<p>4. Produkcj\u0119 materia\u0142\u00f3w audiowizualnych (podcast, film, audycja itp)<\/p>\n\n\n\n<p>5. Wsp\u00f3\u0142prac\u0119 z instytucjami naukowymi, w\u0142adzami samorz\u0105dowymi, rz\u0105dowymi i organizacjami pozarz\u0105dowymi w zakresie wymienionym w celach dzia\u0142ania Fundacji.<\/p>\n\n\n\n<p>\u00a7 8<\/p>\n\n\n\n<p>Dla osi\u0105gni\u0119cia swych cel\u00f3w Fundacja mo\u017ce wspiera\u0107 dzia\u0142alno\u015b\u0107 innych os\u00f3b i instytucji zbie\u017cn\u0105 z jej celami, a tak\u017ce wchodzi\u0107 z nimi w zwi\u0105zki i porozumienia.<\/p>\n\n\n\n<p>Maj\u0105tek i dochody Fundacji.<\/p>\n\n\n\n<p>\u00a7 9<\/p>\n\n\n\n<p>Maj\u0105tek Fundacji stanowi jej fundusz za\u0142o\u017cycielski w kwocie 1.000 (jeden tysi\u0105c) z\u0142otych oraz inne mienie nabyte przez Fundacj\u0119 w toku dzia\u0142ania.<\/p>\n\n\n\n<p>\u00a7 10<\/p>\n\n\n\n<p>Dochody Fundacji pochodzi\u0107 mog\u0105 w szczeg\u00f3lno\u015bci z:<\/p>\n\n\n\n<p>1. darowizn, spadk\u00f3w, zapis\u00f3w,<\/p>\n\n\n\n<p>2. dotacji i subwencji oraz grant\u00f3w,<\/p>\n\n\n\n<p>3. dochod\u00f3w ze zbi\u00f3rek i imprez publicznych,<\/p>\n\n\n\n<p>4. dochod\u00f3w z maj\u0105tku Fundacji,<\/p>\n\n\n\n<p>5. dzia\u0142alno\u015bci gospodarczej &#8211; w przypadku jej rozpocz\u0119cia.<\/p>\n\n\n\n<p>\u00a7 11<\/p>\n\n\n\n<p>1. Dochody pochodz\u0105ce z dotacji, subwencji, darowizn, spadk\u00f3w i zapis\u00f3w oraz dzia\u0142alno\u015bci gospodarczej b\u0119d\u0105 u\u017cyte na realizacj\u0119 cel\u00f3w Fundacji.<\/p>\n\n\n\n<p>2. W sprawach przyj\u0119cia darowizn i dziedziczenia o\u015bwiadczenia wymagane przepisami prawa sk\u0142ada Zarz\u0105d lub Prezes\/Prezeska.<\/p>\n\n\n\n<p>3. W przypadku powo\u0142ania fundacji do dziedziczenia jej Prezes\/Prezeska lub Zarz\u0105d sk\u0142ada o\u015bwiadczenie o przyj\u0119ciu spadku z dobrodziejstwem inwentarza.<\/p>\n\n\n\n<p>\u00a7 12.<\/p>\n\n\n\n<p>Decyzj\u0119 o rozpocz\u0119ciu i zako\u0144czeniu prowadzenia dzia\u0142alno\u015bci gospodarczej podejmie Zarz\u0105d.<\/p>\n\n\n\n<p>W\u0142adze Fundacji.<\/p>\n\n\n\n<p>\u00a7 13.<\/p>\n\n\n\n<p>1. Organem Fundacji jest Zarz\u0105d Fundacji.<\/p>\n\n\n\n<p>2. Pierwsz\u0105 Prezesk\u0105 Zarz\u0105du Fundacji staje si\u0119 Fundatorka.<\/p>\n\n\n\n<p>3. Cz\u0142onkowie Zarz\u0105du Fundacji nie pobieraj\u0105 wynagrodzenia z tytu\u0142u udzia\u0142u w pracach tego organu, z wyj\u0105tkiem zwrotu udokumentowanych wydatk\u00f3w zwi\u0105zanych z uczestnictwem w pracach tych organ\u00f3w, w tym koszt\u00f3w podr\u00f3\u017cy.<\/p>\n\n\n\n<p>4. W przypadku d\u0142ugotrwa\u0142ej niemo\u017cno\u015bci sprawowania funkcji przez Prezesa\/Prezesk\u0119, obowi\u0105zki przejmuje Zarz\u0105d Fundacji. W przypadku \u015bmierci Prezesa\/Prezeski, obowi\u0105zki przejmuje Zarz\u0105d Fundacji. W obu przypadkach Zarz\u0105d wy\u0142oni ze swojego grona now\u0105 Prezesa\/Prezesk\u0119 (lub nowego Prezesa).<\/p>\n\n\n\n<p>\u00a7 14<\/p>\n\n\n\n<p>1. Zarz\u0105d Fundacji sk\u0142ada si\u0119 z 1 do 5 os\u00f3b, powo\u0142ywanych przez Prezes\/Prezesk\u0119 Fundacji na trzyletni\u0105 kadencj\u0119.<\/p>\n\n\n\n<p>2. Funkcj\u0119 cz\u0142onka Zarz\u0105du mo\u017cna pe\u0142ni\u0107 przez wi\u0119cej ni\u017c jedn\u0105 kadencj\u0119.<\/p>\n\n\n\n<p>3. Cz\u0142onek Zarz\u0105du Fundacji mo\u017ce by\u0107 odwo\u0142any przez Prezesa\/Prezesk\u0119 Fundacji przed up\u0142ywem kadencji w przypadku istotnego naruszenia prawa lub interes\u00f3w Fundacji.<\/p>\n\n\n\n<p>\u00a7 15<\/p>\n\n\n\n<p>1. Zarz\u0105d kieruje dzia\u0142alno\u015bci\u0105 Fundacji i reprezentuje j\u0105 na zewn\u0105trz.<\/p>\n\n\n\n<p>2. Do zada\u0144 Zarz\u0105du nale\u017cy w szczeg\u00f3lno\u015bci:<\/p>\n\n\n\n<p>a) uchwalanie rocznych plan\u00f3w dzia\u0142ania Fundacji oraz plan\u00f3w finansowych,<\/p>\n\n\n\n<p>b) uchwalanie regulamin\u00f3w,<\/p>\n\n\n\n<p>c) sprawowanie zarz\u0105du maj\u0105tkiem Fundacji,<\/p>\n\n\n\n<p>d) ustalanie wielko\u015bci zatrudnienia i wysoko\u015bci \u015brodk\u00f3w na wynagrodzenia pracownik\u00f3w Fundacji,<\/p>\n\n\n\n<p>e) podejmowanie decyzji we wszelkich sprawach nie przekazanych do kompetencji<\/p>\n\n\n\n<p>innych organ\u00f3w,<\/p>\n\n\n\n<p>f) przyjmowanie darowizn, spadk\u00f3w i zapis\u00f3w, subwencji i dotacji,<\/p>\n\n\n\n<p>g) wyst\u0119powanie z wnioskiem i wyra\u017canie zgody w sprawie zmian statutu Fundacji, po\u0142\u0105czenia z inn\u0105 Fundacj\u0105 oraz likwidacja Fundacji.<\/p>\n\n\n\n<p>3. Zarz\u0105d podejmuje decyzje na posiedzeniach w formie uchwa\u0142 \u2013 zwyk\u0142\u0105 wi\u0119kszo\u015bci\u0105 g\u0142os\u00f3w jego cz\u0142onk\u00f3w obecnych na posiedzeniu Zarz\u0105du.<\/p>\n\n\n\n<p>4. O posiedzeniu musz\u0105 by\u0107 powiadomieni wszyscy cz\u0142onkowie Zarz\u0105du.<\/p>\n\n\n\n<p>5. Zarz\u0105d mog\u0105 powo\u0142ywa\u0107 pe\u0142nomocnik\u00f3w do kierowania wyodr\u0119bnion\u0105 sfer\u0105 spraw nale\u017c\u0105cych do zada\u0144 Fundacji.<\/p>\n\n\n\n<p>6. Zarz\u0105d co roku, do dnia 30 wrze\u015bnia, zobowi\u0105zany jest sporz\u0105dzi\u0107 Roczne sprawozdanie z dzia\u0142alno\u015bci Fundacji.<\/p>\n\n\n\n<p>Spos\u00f3b Reprezentacji<\/p>\n\n\n\n<p>\u00a7 16<\/p>\n\n\n\n<p>1. O\u015bwiadczenia woli w imieniu Fundacji sk\u0142ada Prezes\/Prezeska Zarz\u0105du Fundacji lub dwaj cz\u0142onkowie Zarz\u0105du dzia\u0142aj\u0105cy \u0142\u0105cznie (zobowi\u0105zuj\u0105ce) lub jeden cz\u0142onek Zarz\u0105du (przysparzaj\u0105ce).<\/p>\n\n\n\n<p>Zmiana Statutu<\/p>\n\n\n\n<p>\u00a7 17<\/p>\n\n\n\n<p>Zmian w statucie Fundacji dokonuje Prezes\/Prezeska Zarz\u0105du Fundacji wraz z Zarz\u0105dem Fundacji jednomy\u015blnie.<\/p>\n\n\n\n<p>Po\u0142\u0105czenie z inn\u0105 fundacj\u0105.<\/p>\n\n\n\n<p>\u00a7 18<\/p>\n\n\n\n<p>1. Fundacja mo\u017ce si\u0119 po\u0142\u0105czy\u0107 z inn\u0105 fundacj\u0105 dla efektywnego realizowania swoich cel\u00f3w.<\/p>\n\n\n\n<p>2. Po\u0142\u0105czenie z inn\u0105 fundacj\u0105 nie mo\u017ce nast\u0105pi\u0107, je\u017celi w jego wyniku m\u00f3g\u0142by ulec istotnej<\/p>\n\n\n\n<p>zmianie cel Fundacji.<\/p>\n\n\n\n<p>\u00a7 19<\/p>\n\n\n\n<p>W sprawach po\u0142\u0105czenia z inn\u0105 Fundacj\u0105 w\u0142a\u015bciwy jest zarz\u0105d, przy czym jego decyzje zapadaj\u0105 w drodze jednomy\u015blnej uchwa\u0142y.<\/p>\n\n\n\n<p>Likwidacja Fundacji.<\/p>\n\n\n\n<p>\u00a7 20<\/p>\n\n\n\n<p>1. Fundacja ulega likwidacji w razie osi\u0105gni\u0119cia cel\u00f3w, dla kt\u00f3rych zosta\u0142a ustanowiona, w razie trwa\u0142ej niemo\u017cno\u015bci osi\u0105gni\u0119cia cel\u00f3w, dla kt\u00f3rych zosta\u0142a ustanowiona lub w razie wyczerpania si\u0119 jej \u015brodk\u00f3w finansowych i maj\u0105tku.<\/p>\n\n\n\n<p>2. Likwidatorem Fundacji s\u0105 Prezes\/Prezeska Zarz\u0105du Fundacji i Zarz\u0105d.<\/p>\n\n\n\n<p>\u00a7 21<\/p>\n\n\n\n<p>Decyzj\u0119 o likwidacji podejmuje Zarz\u0105d w drodze jednomy\u015blnej uchwa\u0142y.<\/p>\n\n\n\n<p>\u00a7 22<\/p>\n\n\n\n<p>\u015arodki finansowe i maj\u0105tek pozosta\u0142y po likwidacji Fundacji mog\u0105 zosta\u0107 przeznaczone moc\u0105 uchwa\u0142y Zarz\u0105du Fundacji na dowolny cel.<\/p>\n","protected":false},"excerpt":{"rendered":"<p>STATUT FUNDACJI KOTA MORSKIEGO Postanowienia og\u00f3lne \u00a7 1 1. Fundacja Kota Morskiego, zwana dalej Fundacj\u0105, ustanowiona przez ALICJ\u0118 SZCZYPT\u0118 zwan\u0105 dalej fundatork\u0105, aktem notarialnym sporz\u0105dzonym przez notariusza Martyn\u0119 Kwiatkowsk\u0105 w kancelarii notarialnej w Gda\u0144sku, ul.Trzy Lipy 2 lok 3\/3, w dniu 25.06.2024 dzia\u0142a na podstawie przepis\u00f3w prawa polskiego oraz niniejszego statutu. 2. Fundacja jest apolityczna&hellip;&nbsp;<a href=\"https:\/\/kotmorski.fund\/?page_id=375\" rel=\"bookmark\">Dowiedz si\u0119 wi\u0119cej &raquo;<span class=\"screen-reader-text\">Statut<\/span><\/a><\/p>\n","protected":false},"author":1,"featured_media":0,"parent":0,"menu_order":0,"comment_status":"closed","ping_status":"closed","template":"","meta":{"neve_meta_sidebar":"","neve_meta_container":"","neve_meta_enable_content_width":"","neve_meta_content_width":0,"neve_meta_title_alignment":"","neve_meta_author_avatar":"","neve_post_elements_order":"","neve_meta_disable_header":"","neve_meta_disable_footer":"","neve_meta_disable_title":"","_themeisle_gutenberg_block_has_review":false,"footnotes":""},"class_list":["post-375","page","type-page","status-publish","hentry"],"_links":{"self":[{"href":"https:\/\/kotmorski.fund\/index.php?rest_route=\/wp\/v2\/pages\/375","targetHints":{"allow":["GET"]}}],"collection":[{"href":"https:\/\/kotmorski.fund\/index.php?rest_route=\/wp\/v2\/pages"}],"about":[{"href":"https:\/\/kotmorski.fund\/index.php?rest_route=\/wp\/v2\/types\/page"}],"author":[{"embeddable":true,"href":"https:\/\/kotmorski.fund\/index.php?rest_route=\/wp\/v2\/users\/1"}],"replies":[{"embeddable":true,"href":"https:\/\/kotmorski.fund\/index.php?rest_route=%2Fwp%2Fv2%2Fcomments&post=375"}],"version-history":[{"count":1,"href":"https:\/\/kotmorski.fund\/index.php?rest_route=\/wp\/v2\/pages\/375\/revisions"}],"predecessor-version":[{"id":376,"href":"https:\/\/kotmorski.fund\/index.php?rest_route=\/wp\/v2\/pages\/375\/revisions\/376"}],"wp:attachment":[{"href":"https:\/\/kotmorski.fund\/index.php?rest_route=%2Fwp%2Fv2%2Fmedia&parent=375"}],"curies":[{"name":"wp","href":"https:\/\/api.w.org\/{rel}","templated":true}]}}